{"id":2530,"date":"2024-05-19T18:15:46","date_gmt":"2024-05-19T18:15:46","guid":{"rendered":"https:\/\/www.bareskin.at\/?page_id=2530"},"modified":"2025-11-12T17:03:51","modified_gmt":"2025-11-12T17:03:51","slug":"impressum","status":"publish","type":"page","link":"https:\/\/www.bareskin.at\/ru\/impressum\/","title":{"rendered":"Impressum"},"content":{"rendered":"<div data-elementor-type=\"wp-page\" data-elementor-id=\"2530\" class=\"elementor elementor-2530\" data-elementor-post-type=\"page\">\n\t\t\t\t<div class=\"elementor-element elementor-element-4c0708c6 e-flex e-con-boxed e-con e-parent\" data-id=\"4c0708c6\" data-element_type=\"container\">\n\t\t\t\t\t<div class=\"e-con-inner\">\n\t\t\t\t<div class=\"elementor-element elementor-element-7553ae5 elementor-widget elementor-widget-heading\" data-id=\"7553ae5\" data-element_type=\"widget\" data-widget_type=\"heading.default\">\n\t\t\t\t<div class=\"elementor-widget-container\">\n\t\t\t\t\t<h2 class=\"elementor-heading-title elementor-size-default\">Impressum<\/h2>\t\t\t\t<\/div>\n\t\t\t\t<\/div>\n\t\t<div class=\"elementor-element elementor-element-f7e6133 e-flex e-con-boxed e-con e-child\" data-id=\"f7e6133\" data-element_type=\"container\">\n\t\t\t\t\t<div class=\"e-con-inner\">\n\t\t\t\t<div class=\"elementor-element elementor-element-139e93e elementor-widget elementor-widget-text-editor\" data-id=\"139e93e\" data-element_type=\"widget\" data-widget_type=\"text-editor.default\">\n\t\t\t\t<div class=\"elementor-widget-container\">\n\t\t\t\t\t\t\t\t\t<p>Bareskin GmbH<br \/>ATU81122535 | FN:624789h<br \/>Schottenring 30 | 1010 Wien<br \/>Gesch\u00e4ftsf\u00fchrer: F\u00fcrst Anna<br \/>+43 1 312323 | info (at) beena.at\u00a0<\/p><p><strong>Filialen:<\/strong><\/p><p>Schottenring 30\u00a0<br \/>1010 Wien<\/p><p>Wiedner Hauptstra\u00dfe 33<br \/>1040 Wien<\/p><p>Ottakringer Stra\u00dfe 135<br \/>1160 Wien<\/p><p>Tummelplatz 3<br \/>8010 Graz<\/p><p>Lastenstra\u00dfe 19<br \/>4020 Linz<\/p>\t\t\t\t\t\t\t\t<\/div>\n\t\t\t\t<\/div>\n\t\t\t\t<div class=\"elementor-element elementor-element-18c039d elementor-widget elementor-widget-image\" data-id=\"18c039d\" data-element_type=\"widget\" data-widget_type=\"image.default\">\n\t\t\t\t<div class=\"elementor-widget-container\">\n\t\t\t\t\t\t\t\t\t\t\t\t\t\t\t\t<a href=\"https:\/\/firmen.wko.at\/bareskin-gmbh-bareskin-gmbh\/wien\/?firmaid=e3864e4a-5048-4c82-a8e0-34cc676fffb6&#038;suchbegriff=bareskin%20gmbh\">\n\t\t\t\t\t\t\t<img fetchpriority=\"high\" decoding=\"async\" width=\"800\" height=\"115\" src=\"https:\/\/www.bareskin.at\/wp-content\/uploads\/2024\/05\/Banner_WKO.jpg\" class=\"attachment-large size-large wp-image-2533\" alt=\"\" srcset=\"https:\/\/www.bareskin.at\/wp-content\/uploads\/2024\/05\/Banner_WKO.jpg 800w, https:\/\/www.bareskin.at\/wp-content\/uploads\/2024\/05\/Banner_WKO-300x43.jpg 300w, https:\/\/www.bareskin.at\/wp-content\/uploads\/2024\/05\/Banner_WKO-768x110.jpg 768w, https:\/\/www.bareskin.at\/wp-content\/uploads\/2024\/05\/Banner_WKO-18x3.jpg 18w\" sizes=\"(max-width: 800px) 100vw, 800px\" \/>\t\t\t\t\t\t\t\t<\/a>\n\t\t\t\t\t\t\t\t\t\t\t\t\t\t\t<\/div>\n\t\t\t\t<\/div>\n\t\t\t\t\t<\/div>\n\t\t\t\t<\/div>\n\t\t\t\t\t<\/div>\n\t\t\t\t<\/div>\n\t\t<div class=\"elementor-element elementor-element-7fae7c5 e-flex e-con-boxed e-con e-parent\" data-id=\"7fae7c5\" data-element_type=\"container\">\n\t\t\t\t\t<div class=\"e-con-inner\">\n\t\t\t\t\t<\/div>\n\t\t\t\t<\/div>\n\t\t\t\t<\/div>","protected":false},"excerpt":{"rendered":"<p>Bareskin GmbHATU81122535 | FN:624789hSchottenring 30 | 1010 WienGesch\u00e4ftsf\u00fchrer: F\u00fcrst Anna+43 1 312323 | info (at) beena.at\u00a0 Filialen: Schottenring 30\u00a01010 Wien Wiedner Hauptstra\u00dfe 331040 Wien Ottakringer Stra\u00dfe 1351160 Wien Tummelplatz 38010 Graz Lastenstra\u00dfe 194020 Linz<\/p>","protected":false},"author":3,"featured_media":0,"parent":0,"menu_order":0,"comment_status":"closed","ping_status":"closed","template":"elementor_header_footer","meta":{"footnotes":""},"class_list":["post-2530","page","type-page","status-publish","hentry"],"yoast_head":"<!-- This site is optimized with the Yoast SEO plugin v26.4 - https:\/\/yoast.com\/wordpress\/plugins\/seo\/ -->\n<title>Impressum - Bareskin Laser<\/title>\n<meta name=\"robots\" content=\"index, follow, max-snippet:-1, max-image-preview:large, max-video-preview:-1\" \/>\n<link rel=\"canonical\" href=\"https:\/\/www.bareskin.at\/ru\/impressum\/\" \/>\n<meta property=\"og:locale\" content=\"ru_RU\" \/>\n<meta property=\"og:type\" content=\"article\" \/>\n<meta property=\"og:title\" content=\"Impressum - Bareskin Laser\" \/>\n<meta property=\"og:description\" content=\"Bareskin GmbHATU81122535 | FN:624789hSchottenring 30 | 1010 WienGesch\u00e4ftsf\u00fchrer: F\u00fcrst Anna+43 1 312323 | info (at) beena.at\u00a0 Filialen: Schottenring 30\u00a01010 Wien Wiedner Hauptstra\u00dfe 331040 Wien Ottakringer Stra\u00dfe 1351160 Wien Tummelplatz 38010 Graz Lastenstra\u00dfe 194020 Linz\" \/>\n<meta property=\"og:url\" content=\"https:\/\/www.bareskin.at\/ru\/impressum\/\" \/>\n<meta property=\"og:site_name\" content=\"Bareskin Laser\" \/>\n<meta property=\"article:publisher\" content=\"https:\/\/www.facebook.com\/beenafingers\/\" \/>\n<meta property=\"article:modified_time\" content=\"2025-11-12T17:03:51+00:00\" \/>\n<meta property=\"og:image\" content=\"https:\/\/www.bareskin.at\/wp-content\/uploads\/2024\/05\/Banner_WKO.jpg\" \/>\n\t<meta property=\"og:image:width\" content=\"800\" \/>\n\t<meta property=\"og:image:height\" content=\"115\" \/>\n\t<meta property=\"og:image:type\" content=\"image\/jpeg\" \/>\n<meta name=\"twitter:card\" content=\"summary_large_image\" \/>\n<meta name=\"twitter:label1\" content=\"\u041f\u0440\u0438\u043c\u0435\u0440\u043d\u043e\u0435 \u0432\u0440\u0435\u043c\u044f \u0434\u043b\u044f \u0447\u0442\u0435\u043d\u0438\u044f\" \/>\n\t<meta name=\"twitter:data1\" content=\"1 \u043c\u0438\u043d\u0443\u0442\u0430\" \/>\n<script type=\"application\/ld+json\" class=\"yoast-schema-graph\">{\"@context\":\"https:\/\/schema.org\",\"@graph\":[{\"@type\":\"WebPage\",\"@id\":\"https:\/\/www.bareskin.at\/impressum\/\",\"url\":\"https:\/\/www.bareskin.at\/impressum\/\",\"name\":\"Impressum - Bareskin Laser\",\"isPartOf\":{\"@id\":\"https:\/\/www.bareskin.at\/#website\"},\"primaryImageOfPage\":{\"@id\":\"https:\/\/www.bareskin.at\/impressum\/#primaryimage\"},\"image\":{\"@id\":\"https:\/\/www.bareskin.at\/impressum\/#primaryimage\"},\"thumbnailUrl\":\"http:\/\/www.bareskin.at\/wp-content\/uploads\/2024\/05\/Banner_WKO.jpg\",\"datePublished\":\"2024-05-19T18:15:46+00:00\",\"dateModified\":\"2025-11-12T17:03:51+00:00\",\"breadcrumb\":{\"@id\":\"https:\/\/www.bareskin.at\/impressum\/#breadcrumb\"},\"inLanguage\":\"ru-RU\",\"potentialAction\":[{\"@type\":\"ReadAction\",\"target\":[\"https:\/\/www.bareskin.at\/impressum\/\"]}]},{\"@type\":\"ImageObject\",\"inLanguage\":\"ru-RU\",\"@id\":\"https:\/\/www.bareskin.at\/impressum\/#primaryimage\",\"url\":\"http:\/\/www.bareskin.at\/wp-content\/uploads\/2024\/05\/Banner_WKO.jpg\",\"contentUrl\":\"http:\/\/www.bareskin.at\/wp-content\/uploads\/2024\/05\/Banner_WKO.jpg\"},{\"@type\":\"BreadcrumbList\",\"@id\":\"https:\/\/www.bareskin.at\/impressum\/#breadcrumb\",\"itemListElement\":[{\"@type\":\"ListItem\",\"position\":1,\"name\":\"Home\",\"item\":\"https:\/\/www.bareskin.at\/\"},{\"@type\":\"ListItem\",\"position\":2,\"name\":\"Impressum\"}]},{\"@type\":\"WebSite\",\"@id\":\"https:\/\/www.bareskin.at\/#website\",\"url\":\"https:\/\/www.bareskin.at\/\",\"name\":\"Bareskin Laser\",\"description\":\"It&#039;s all about beauty\",\"publisher\":{\"@id\":\"https:\/\/www.bareskin.at\/#organization\"},\"potentialAction\":[{\"@type\":\"SearchAction\",\"target\":{\"@type\":\"EntryPoint\",\"urlTemplate\":\"https:\/\/www.bareskin.at\/?s={search_term_string}\"},\"query-input\":{\"@type\":\"PropertyValueSpecification\",\"valueRequired\":true,\"valueName\":\"search_term_string\"}}],\"inLanguage\":\"ru-RU\"},{\"@type\":\"Organization\",\"@id\":\"https:\/\/www.bareskin.at\/#organization\",\"name\":\"Bareskin Laser\",\"url\":\"https:\/\/www.bareskin.at\/\",\"logo\":{\"@type\":\"ImageObject\",\"inLanguage\":\"ru-RU\",\"@id\":\"https:\/\/www.bareskin.at\/#\/schema\/logo\/image\/\",\"url\":\"https:\/\/www.bareskin.at\/wp-content\/uploads\/2023\/11\/Logo_BS_farbe-min.webp\",\"contentUrl\":\"https:\/\/www.bareskin.at\/wp-content\/uploads\/2023\/11\/Logo_BS_farbe-min.webp\",\"width\":386,\"height\":80,\"caption\":\"Bareskin Laser\"},\"image\":{\"@id\":\"https:\/\/www.bareskin.at\/#\/schema\/logo\/image\/\"},\"sameAs\":[\"https:\/\/www.facebook.com\/beenafingers\/\",\"https:\/\/www.instagram.com\/bareskin.laser_\/\"]}]}<\/script>\n<!-- \/ Yoast SEO plugin. -->","yoast_head_json":{"title":"Impressum - Bareskin Laser","robots":{"index":"index","follow":"follow","max-snippet":"max-snippet:-1","max-image-preview":"max-image-preview:large","max-video-preview":"max-video-preview:-1"},"canonical":"https:\/\/www.bareskin.at\/ru\/impressum\/","og_locale":"ru_RU","og_type":"article","og_title":"Impressum - Bareskin Laser","og_description":"Bareskin GmbHATU81122535 | FN:624789hSchottenring 30 | 1010 WienGesch\u00e4ftsf\u00fchrer: F\u00fcrst Anna+43 1 312323 | info (at) beena.at\u00a0 Filialen: Schottenring 30\u00a01010 Wien Wiedner Hauptstra\u00dfe 331040 Wien Ottakringer Stra\u00dfe 1351160 Wien Tummelplatz 38010 Graz Lastenstra\u00dfe 194020 Linz","og_url":"https:\/\/www.bareskin.at\/ru\/impressum\/","og_site_name":"Bareskin Laser","article_publisher":"https:\/\/www.facebook.com\/beenafingers\/","article_modified_time":"2025-11-12T17:03:51+00:00","og_image":[{"width":800,"height":115,"url":"https:\/\/www.bareskin.at\/wp-content\/uploads\/2024\/05\/Banner_WKO.jpg","type":"image\/jpeg"}],"twitter_card":"summary_large_image","twitter_misc":{"\u041f\u0440\u0438\u043c\u0435\u0440\u043d\u043e\u0435 \u0432\u0440\u0435\u043c\u044f \u0434\u043b\u044f \u0447\u0442\u0435\u043d\u0438\u044f":"1 \u043c\u0438\u043d\u0443\u0442\u0430"},"schema":{"@context":"https:\/\/schema.org","@graph":[{"@type":"WebPage","@id":"https:\/\/www.bareskin.at\/impressum\/","url":"https:\/\/www.bareskin.at\/impressum\/","name":"Impressum - Bareskin Laser","isPartOf":{"@id":"https:\/\/www.bareskin.at\/#website"},"primaryImageOfPage":{"@id":"https:\/\/www.bareskin.at\/impressum\/#primaryimage"},"image":{"@id":"https:\/\/www.bareskin.at\/impressum\/#primaryimage"},"thumbnailUrl":"http:\/\/www.bareskin.at\/wp-content\/uploads\/2024\/05\/Banner_WKO.jpg","datePublished":"2024-05-19T18:15:46+00:00","dateModified":"2025-11-12T17:03:51+00:00","breadcrumb":{"@id":"https:\/\/www.bareskin.at\/impressum\/#breadcrumb"},"inLanguage":"ru-RU","potentialAction":[{"@type":"ReadAction","target":["https:\/\/www.bareskin.at\/impressum\/"]}]},{"@type":"ImageObject","inLanguage":"ru-RU","@id":"https:\/\/www.bareskin.at\/impressum\/#primaryimage","url":"http:\/\/www.bareskin.at\/wp-content\/uploads\/2024\/05\/Banner_WKO.jpg","contentUrl":"http:\/\/www.bareskin.at\/wp-content\/uploads\/2024\/05\/Banner_WKO.jpg"},{"@type":"BreadcrumbList","@id":"https:\/\/www.bareskin.at\/impressum\/#breadcrumb","itemListElement":[{"@type":"ListItem","position":1,"name":"Home","item":"https:\/\/www.bareskin.at\/"},{"@type":"ListItem","position":2,"name":"Impressum"}]},{"@type":"WebSite","@id":"https:\/\/www.bareskin.at\/#website","url":"https:\/\/www.bareskin.at\/","name":"Bareskin Laser","description":"It&#039;s all about beauty","publisher":{"@id":"https:\/\/www.bareskin.at\/#organization"},"potentialAction":[{"@type":"SearchAction","target":{"@type":"EntryPoint","urlTemplate":"https:\/\/www.bareskin.at\/?s={search_term_string}"},"query-input":{"@type":"PropertyValueSpecification","valueRequired":true,"valueName":"search_term_string"}}],"inLanguage":"ru-RU"},{"@type":"Organization","@id":"https:\/\/www.bareskin.at\/#organization","name":"Bareskin Laser","url":"https:\/\/www.bareskin.at\/","logo":{"@type":"ImageObject","inLanguage":"ru-RU","@id":"https:\/\/www.bareskin.at\/#\/schema\/logo\/image\/","url":"https:\/\/www.bareskin.at\/wp-content\/uploads\/2023\/11\/Logo_BS_farbe-min.webp","contentUrl":"https:\/\/www.bareskin.at\/wp-content\/uploads\/2023\/11\/Logo_BS_farbe-min.webp","width":386,"height":80,"caption":"Bareskin Laser"},"image":{"@id":"https:\/\/www.bareskin.at\/#\/schema\/logo\/image\/"},"sameAs":["https:\/\/www.facebook.com\/beenafingers\/","https:\/\/www.instagram.com\/bareskin.laser_\/"]}]}},"_links":{"self":[{"href":"https:\/\/www.bareskin.at\/ru\/wp-json\/wp\/v2\/pages\/2530","targetHints":{"allow":["GET"]}}],"collection":[{"href":"https:\/\/www.bareskin.at\/ru\/wp-json\/wp\/v2\/pages"}],"about":[{"href":"https:\/\/www.bareskin.at\/ru\/wp-json\/wp\/v2\/types\/page"}],"author":[{"embeddable":true,"href":"https:\/\/www.bareskin.at\/ru\/wp-json\/wp\/v2\/users\/3"}],"replies":[{"embeddable":true,"href":"https:\/\/www.bareskin.at\/ru\/wp-json\/wp\/v2\/comments?post=2530"}],"version-history":[{"count":26,"href":"https:\/\/www.bareskin.at\/ru\/wp-json\/wp\/v2\/pages\/2530\/revisions"}],"predecessor-version":[{"id":4258,"href":"https:\/\/www.bareskin.at\/ru\/wp-json\/wp\/v2\/pages\/2530\/revisions\/4258"}],"wp:attachment":[{"href":"https:\/\/www.bareskin.at\/ru\/wp-json\/wp\/v2\/media?parent=2530"}],"curies":[{"name":"wp","href":"https:\/\/api.w.org\/{rel}","templated":true}]}}